{"id":2,"date":"2022-01-07T18:04:31","date_gmt":"2022-01-07T18:04:31","guid":{"rendered":"http:\/\/187.157.177.119\/pruebas\/_biblioteca\/?page_id=2"},"modified":"2022-06-20T09:50:54","modified_gmt":"2022-06-20T15:50:54","slug":"contacto","status":"publish","type":"page","link":"http:\/\/187.157.177.119\/pruebas\/_biblioteca\/contacto\/","title":{"rendered":"Contacto"},"content":{"rendered":"\t\t<div data-elementor-type=\"wp-page\" data-elementor-id=\"2\" class=\"elementor elementor-2\">\n\t\t\t\t\t\t\t\t\t<section class=\"elementor-section elementor-top-section elementor-element elementor-element-7c906b5 animated-slow elementor-section-boxed elementor-section-height-default elementor-section-height-default\" data-id=\"7c906b5\" data-element_type=\"section\" data-settings=\"{&quot;animation&quot;:&quot;none&quot;,&quot;animation_delay&quot;:500}\">\n\t\t\t\t\t\t<div class=\"elementor-container elementor-column-gap-default\">\n\t\t\t\t\t<div class=\"elementor-column elementor-col-100 elementor-top-column elementor-element elementor-element-b67443e\" data-id=\"b67443e\" data-element_type=\"column\" data-settings=\"{&quot;animation&quot;:&quot;none&quot;}\">\n\t\t\t<div class=\"elementor-widget-wrap elementor-element-populated\">\n\t\t\t\t\t\t\t\t<div class=\"elementor-element elementor-element-aa65eb9 elementor-widget elementor-widget-shortcode\" data-id=\"aa65eb9\" data-element_type=\"widget\" data-widget_type=\"shortcode.default\">\n\t\t\t\t<div class=\"elementor-widget-container\">\n\t\t\t\t\t<div class=\"elementor-shortcode\"><div class=\"row \"><div class=\"col-12 frases-biblioteca\"><p>\u201cLa lectura es para la mente lo que el ejercicio es para el cuerpo\u201d Richard Steele<\/p><\/div><\/div><\/div>\n\t\t\t\t<\/div>\n\t\t\t\t<\/div>\n\t\t\t\t\t<\/div>\n\t\t<\/div>\n\t\t\t\t\t\t\t<\/div>\n\t\t<\/section>\n\t\t\t\t<section class=\"elementor-section elementor-top-section elementor-element elementor-element-ea5b933 elementor-section-boxed elementor-section-height-default elementor-section-height-default\" data-id=\"ea5b933\" data-element_type=\"section\">\n\t\t\t\t\t\t<div class=\"elementor-container elementor-column-gap-default\">\n\t\t\t\t\t<div class=\"elementor-column elementor-col-100 elementor-top-column elementor-element elementor-element-7054452\" data-id=\"7054452\" data-element_type=\"column\">\n\t\t\t<div class=\"elementor-widget-wrap elementor-element-populated\">\n\t\t\t\t\t\t\t\t<div class=\"elementor-element elementor-element-e2fe6ef elementor-widget elementor-widget-heading\" data-id=\"e2fe6ef\" data-element_type=\"widget\" data-widget_type=\"heading.default\">\n\t\t\t\t<div class=\"elementor-widget-container\">\n\t\t\t<style>\/*! elementor - v3.7.7 - 20-09-2022 *\/\n.elementor-heading-title{padding:0;margin:0;line-height:1}.elementor-widget-heading .elementor-heading-title[class*=elementor-size-]>a{color:inherit;font-size:inherit;line-height:inherit}.elementor-widget-heading .elementor-heading-title.elementor-size-small{font-size:15px}.elementor-widget-heading .elementor-heading-title.elementor-size-medium{font-size:19px}.elementor-widget-heading .elementor-heading-title.elementor-size-large{font-size:29px}.elementor-widget-heading .elementor-heading-title.elementor-size-xl{font-size:39px}.elementor-widget-heading .elementor-heading-title.elementor-size-xxl{font-size:59px}<\/style><h2 class=\"elementor-heading-title elementor-size-default\">CONTACTO<\/h2>\t\t<\/div>\n\t\t\t\t<\/div>\n\t\t\t\t\t<\/div>\n\t\t<\/div>\n\t\t\t\t\t\t\t<\/div>\n\t\t<\/section>\n\t\t\t\t<section class=\"elementor-section elementor-top-section elementor-element elementor-element-9e84a2e elementor-section-boxed elementor-section-height-default elementor-section-height-default\" data-id=\"9e84a2e\" data-element_type=\"section\">\n\t\t\t\t\t\t<div class=\"elementor-container elementor-column-gap-default\">\n\t\t\t\t\t<div class=\"elementor-column elementor-col-50 elementor-top-column elementor-element elementor-element-a9aa3be\" data-id=\"a9aa3be\" data-element_type=\"column\">\n\t\t\t<div class=\"elementor-widget-wrap elementor-element-populated\">\n\t\t\t\t\t\t\t\t<div class=\"elementor-element elementor-element-e1210f5 elementor-widget elementor-widget-heading\" data-id=\"e1210f5\" data-element_type=\"widget\" data-widget_type=\"heading.default\">\n\t\t\t\t<div class=\"elementor-widget-container\">\n\t\t\t<h3 class=\"elementor-heading-title elementor-size-default\">Correo Electr\u00f3nico<\/h3>\t\t<\/div>\n\t\t\t\t<\/div>\n\t\t\t\t<div class=\"elementor-element elementor-element-f1923e6 elementor-widget elementor-widget-text-editor\" data-id=\"f1923e6\" data-element_type=\"widget\" data-widget_type=\"text-editor.default\">\n\t\t\t\t<div class=\"elementor-widget-container\">\n\t\t\t<style>\/*! elementor - v3.7.7 - 20-09-2022 *\/\n.elementor-widget-text-editor.elementor-drop-cap-view-stacked .elementor-drop-cap{background-color:#818a91;color:#fff}.elementor-widget-text-editor.elementor-drop-cap-view-framed .elementor-drop-cap{color:#818a91;border:3px solid;background-color:transparent}.elementor-widget-text-editor:not(.elementor-drop-cap-view-default) .elementor-drop-cap{margin-top:8px}.elementor-widget-text-editor:not(.elementor-drop-cap-view-default) .elementor-drop-cap-letter{width:1em;height:1em}.elementor-widget-text-editor .elementor-drop-cap{float:left;text-align:center;line-height:1;font-size:50px}.elementor-widget-text-editor .elementor-drop-cap-letter{display:inline-block}<\/style>\t\t\t\t<i class=\"fas fa-envelope\"><\/i> bibliotecapublica@cozumel.gob.mx\t\t\t\t\t\t<\/div>\n\t\t\t\t<\/div>\n\t\t\t\t<div class=\"elementor-element elementor-element-e468395 elementor-widget elementor-widget-heading\" data-id=\"e468395\" data-element_type=\"widget\" data-widget_type=\"heading.default\">\n\t\t\t\t<div class=\"elementor-widget-container\">\n\t\t\t<h3 class=\"elementor-heading-title elementor-size-default\">N\u00famero de Tel\u00e9fono<\/h3>\t\t<\/div>\n\t\t\t\t<\/div>\n\t\t\t\t<div class=\"elementor-element elementor-element-016ea01 elementor-widget elementor-widget-text-editor\" data-id=\"016ea01\" data-element_type=\"widget\" data-widget_type=\"text-editor.default\">\n\t\t\t\t<div class=\"elementor-widget-container\">\n\t\t\t\t\t\t\t<i class=\"fas fa-phone\" aria-hidden=\"true\"><\/i> 987 118 00 32\t\t\t\t\t\t<\/div>\n\t\t\t\t<\/div>\n\t\t\t\t<div class=\"elementor-element elementor-element-86c8679 elementor-widget elementor-widget-heading\" data-id=\"86c8679\" data-element_type=\"widget\" data-widget_type=\"heading.default\">\n\t\t\t\t<div class=\"elementor-widget-container\">\n\t\t\t<h3 class=\"elementor-heading-title elementor-size-default\">Direcci\u00f3n<\/h3>\t\t<\/div>\n\t\t\t\t<\/div>\n\t\t\t\t<div class=\"elementor-element elementor-element-17cf134 elementor-widget elementor-widget-text-editor\" data-id=\"17cf134\" data-element_type=\"widget\" data-widget_type=\"text-editor.default\">\n\t\t\t\t<div class=\"elementor-widget-container\">\n\t\t\t\t\t\t\t<i class=\"fas fa-map-marker-alt\" aria-hidden=\"true\"><\/i> <span style=\"background-color: #fffefe;\">30 Avenida con calle 8 norte, colonia Centro.<\/span>\t\t\t\t\t\t<\/div>\n\t\t\t\t<\/div>\n\t\t\t\t\t<\/div>\n\t\t<\/div>\n\t\t\t\t<div class=\"elementor-column elementor-col-50 elementor-top-column elementor-element elementor-element-8b6907d\" data-id=\"8b6907d\" data-element_type=\"column\">\n\t\t\t<div class=\"elementor-widget-wrap elementor-element-populated\">\n\t\t\t\t\t\t\t\t<div class=\"elementor-element elementor-element-99d6ead elementor-widget elementor-widget-image\" data-id=\"99d6ead\" data-element_type=\"widget\" data-widget_type=\"image.default\">\n\t\t\t\t<div class=\"elementor-widget-container\">\n\t\t\t<style>\/*! elementor - v3.7.7 - 20-09-2022 *\/\n.elementor-widget-image{text-align:center}.elementor-widget-image a{display:inline-block}.elementor-widget-image a img[src$=\".svg\"]{width:48px}.elementor-widget-image img{vertical-align:middle;display:inline-block}<\/style>\t\t\t\t\t\t\t\t\t\t\t\t<img loading=\"lazy\" decoding=\"async\" width=\"640\" height=\"428\" src=\"http:\/\/187.157.177.119\/pruebas\/_biblioteca\/wp-content\/uploads\/2022\/05\/BIBLIOTECA5-redu-1024x684.jpg\" class=\"attachment-large size-large\" alt=\"\" srcset=\"http:\/\/187.157.177.119\/pruebas\/_biblioteca\/wp-content\/uploads\/2022\/05\/BIBLIOTECA5-redu-1024x684.jpg 1024w, http:\/\/187.157.177.119\/pruebas\/_biblioteca\/wp-content\/uploads\/2022\/05\/BIBLIOTECA5-redu-300x201.jpg 300w, http:\/\/187.157.177.119\/pruebas\/_biblioteca\/wp-content\/uploads\/2022\/05\/BIBLIOTECA5-redu-768x513.jpg 768w, http:\/\/187.157.177.119\/pruebas\/_biblioteca\/wp-content\/uploads\/2022\/05\/BIBLIOTECA5-redu.jpg 1149w\" sizes=\"auto, (max-width: 640px) 100vw, 640px\" \/>\t\t\t\t\t\t\t\t\t\t\t\t\t\t\t<\/div>\n\t\t\t\t<\/div>\n\t\t\t\t\t<\/div>\n\t\t<\/div>\n\t\t\t\t\t\t\t<\/div>\n\t\t<\/section>\n\t\t\t\t\t\t\t<\/div>\n\t\t","protected":false},"excerpt":{"rendered":"<p>CONTACTO Correo Electr\u00f3nico bibliotecapublica@cozumel.gob.mx N\u00famero de Tel\u00e9fono 987 118 00 32 Direcci\u00f3n 30 Avenida con calle 8 norte, colonia Centro.<\/p>\n","protected":false},"author":1,"featured_media":0,"parent":0,"menu_order":0,"comment_status":"closed","ping_status":"open","template":"","meta":{"footnotes":""},"class_list":["post-2","page","type-page","status-publish","hentry"],"acf":[],"_links":{"self":[{"href":"http:\/\/187.157.177.119\/pruebas\/_biblioteca\/wp-json\/wp\/v2\/pages\/2","targetHints":{"allow":["GET"]}}],"collection":[{"href":"http:\/\/187.157.177.119\/pruebas\/_biblioteca\/wp-json\/wp\/v2\/pages"}],"about":[{"href":"http:\/\/187.157.177.119\/pruebas\/_biblioteca\/wp-json\/wp\/v2\/types\/page"}],"author":[{"embeddable":true,"href":"http:\/\/187.157.177.119\/pruebas\/_biblioteca\/wp-json\/wp\/v2\/users\/1"}],"replies":[{"embeddable":true,"href":"http:\/\/187.157.177.119\/pruebas\/_biblioteca\/wp-json\/wp\/v2\/comments?post=2"}],"version-history":[{"count":67,"href":"http:\/\/187.157.177.119\/pruebas\/_biblioteca\/wp-json\/wp\/v2\/pages\/2\/revisions"}],"predecessor-version":[{"id":1337,"href":"http:\/\/187.157.177.119\/pruebas\/_biblioteca\/wp-json\/wp\/v2\/pages\/2\/revisions\/1337"}],"wp:attachment":[{"href":"http:\/\/187.157.177.119\/pruebas\/_biblioteca\/wp-json\/wp\/v2\/media?parent=2"}],"curies":[{"name":"wp","href":"https:\/\/api.w.org\/{rel}","templated":true}]}}