{"id":702,"date":"2022-04-11T13:39:56","date_gmt":"2022-04-11T19:39:56","guid":{"rendered":"http:\/\/187.157.177.119\/pruebas\/_biblioteca\/?page_id=702"},"modified":"2022-06-20T10:38:30","modified_gmt":"2022-06-20T16:38:30","slug":"biblioteca-digital","status":"publish","type":"page","link":"http:\/\/187.157.177.119\/pruebas\/_biblioteca\/biblioteca-digital\/","title":{"rendered":"Biblioteca digital"},"content":{"rendered":"\t\t<div data-elementor-type=\"wp-page\" data-elementor-id=\"702\" class=\"elementor elementor-702\">\n\t\t\t\t\t\t\t\t\t<section class=\"elementor-section elementor-top-section elementor-element elementor-element-18ab19b elementor-section-boxed elementor-section-height-default elementor-section-height-default\" data-id=\"18ab19b\" data-element_type=\"section\">\n\t\t\t\t\t\t<div class=\"elementor-container elementor-column-gap-default\">\n\t\t\t\t\t<div class=\"elementor-column elementor-col-100 elementor-top-column elementor-element elementor-element-1ed0264\" data-id=\"1ed0264\" data-element_type=\"column\">\n\t\t\t<div class=\"elementor-widget-wrap elementor-element-populated\">\n\t\t\t\t\t\t\t\t<div class=\"elementor-element elementor-element-343cd4a elementor-widget elementor-widget-shortcode\" data-id=\"343cd4a\" data-element_type=\"widget\" data-widget_type=\"shortcode.default\">\n\t\t\t\t<div class=\"elementor-widget-container\">\n\t\t\t\t\t<div class=\"elementor-shortcode\"><div class=\"row \"><div class=\"col-12 frases-biblioteca\"><p>\u201cLa libertad no necesita alas, lo que necesita es echar ra\u00edces\u201d Octavio Paz<\/p><\/div><\/div><\/div>\n\t\t\t\t<\/div>\n\t\t\t\t<\/div>\n\t\t\t\t<div class=\"elementor-element elementor-element-1c0f9dc elementor-widget elementor-widget-heading\" data-id=\"1c0f9dc\" data-element_type=\"widget\" data-widget_type=\"heading.default\">\n\t\t\t\t<div class=\"elementor-widget-container\">\n\t\t\t<style>\/*! elementor - v3.7.7 - 20-09-2022 *\/\n.elementor-heading-title{padding:0;margin:0;line-height:1}.elementor-widget-heading .elementor-heading-title[class*=elementor-size-]>a{color:inherit;font-size:inherit;line-height:inherit}.elementor-widget-heading .elementor-heading-title.elementor-size-small{font-size:15px}.elementor-widget-heading .elementor-heading-title.elementor-size-medium{font-size:19px}.elementor-widget-heading .elementor-heading-title.elementor-size-large{font-size:29px}.elementor-widget-heading .elementor-heading-title.elementor-size-xl{font-size:39px}.elementor-widget-heading .elementor-heading-title.elementor-size-xxl{font-size:59px}<\/style><h2 class=\"elementor-heading-title elementor-size-default\">Biblioteca Digital<\/h2>\t\t<\/div>\n\t\t\t\t<\/div>\n\t\t\t\t<div class=\"elementor-element elementor-element-1104091 elementor-widget elementor-widget-text-editor\" data-id=\"1104091\" data-element_type=\"widget\" data-widget_type=\"text-editor.default\">\n\t\t\t\t<div class=\"elementor-widget-container\">\n\t\t\t<style>\/*! elementor - v3.7.7 - 20-09-2022 *\/\n.elementor-widget-text-editor.elementor-drop-cap-view-stacked .elementor-drop-cap{background-color:#818a91;color:#fff}.elementor-widget-text-editor.elementor-drop-cap-view-framed .elementor-drop-cap{color:#818a91;border:3px solid;background-color:transparent}.elementor-widget-text-editor:not(.elementor-drop-cap-view-default) .elementor-drop-cap{margin-top:8px}.elementor-widget-text-editor:not(.elementor-drop-cap-view-default) .elementor-drop-cap-letter{width:1em;height:1em}.elementor-widget-text-editor .elementor-drop-cap{float:left;text-align:center;line-height:1;font-size:50px}.elementor-widget-text-editor .elementor-drop-cap-letter{display:inline-block}<\/style>\t\t\t\t<p style=\"text-align: center;\"><strong>Con la finalidad de eliminar fronteras y acortar distancias se cre\u00f3 esta Biblioteca Digital, para poner al alcance de los lectores, diversos ejemplares de consulta a cualquier hora, lugar o dispositivo electr\u00f3nico&#8230; en la Biblioteca P\u00fablica &#8220;Gonzalo de Jes\u00fas Rosado Iturralde&#8221; nos esforzamos para proporcionar las facilidades y brindar acceso al mayor n\u00famero de usuarios.\u00a0\u00a0<\/strong><\/p><p>\u00a0<\/p>\t\t\t\t\t\t<\/div>\n\t\t\t\t<\/div>\n\t\t\t\t\t<\/div>\n\t\t<\/div>\n\t\t\t\t\t\t\t<\/div>\n\t\t<\/section>\n\t\t\t\t<section class=\"elementor-section elementor-top-section elementor-element elementor-element-771c82f elementor-section-boxed elementor-section-height-default elementor-section-height-default\" data-id=\"771c82f\" data-element_type=\"section\">\n\t\t\t\t\t\t<div class=\"elementor-container elementor-column-gap-default\">\n\t\t\t\t\t<div class=\"elementor-column elementor-col-25 elementor-top-column elementor-element elementor-element-c2565b2\" data-id=\"c2565b2\" data-element_type=\"column\">\n\t\t\t<div class=\"elementor-widget-wrap elementor-element-populated\">\n\t\t\t\t\t\t\t\t<div class=\"elementor-element elementor-element-9facddb elementor-widget elementor-widget-image\" data-id=\"9facddb\" data-element_type=\"widget\" data-widget_type=\"image.default\">\n\t\t\t\t<div class=\"elementor-widget-container\">\n\t\t\t<style>\/*! elementor - v3.7.7 - 20-09-2022 *\/\n.elementor-widget-image{text-align:center}.elementor-widget-image a{display:inline-block}.elementor-widget-image a img[src$=\".svg\"]{width:48px}.elementor-widget-image img{vertical-align:middle;display:inline-block}<\/style>\t\t\t\t\t\t\t\t\t\t\t\t\t<a href=\"http:\/\/187.157.177.119\/pruebas\/_biblioteca\/wp-content\/uploads\/2022\/05\/TRAVESIA-POR-LA-HISTORIA-DE-COZUMEL.pdf\" target=\"_blank\">\n\t\t\t\t\t\t\t<img decoding=\"async\" src=\"http:\/\/187.157.177.119\/pruebas\/_biblioteca\/wp-content\/uploads\/elementor\/thumbs\/libro1-ppmx0crqluyk7h2dzvw72vezz4o923i68or9kp9jy8.jpg\" title=\"libro1\" alt=\"libro1\" \/>\t\t\t\t\t\t\t\t<\/a>\n\t\t\t\t\t\t\t\t\t\t\t\t\t\t\t<\/div>\n\t\t\t\t<\/div>\n\t\t\t\t\t<\/div>\n\t\t<\/div>\n\t\t\t\t<div class=\"elementor-column elementor-col-25 elementor-top-column elementor-element elementor-element-f611643\" data-id=\"f611643\" data-element_type=\"column\">\n\t\t\t<div class=\"elementor-widget-wrap elementor-element-populated\">\n\t\t\t\t\t\t\t\t<div class=\"elementor-element elementor-element-9fb6cfa elementor-widget elementor-widget-image\" data-id=\"9fb6cfa\" data-element_type=\"widget\" data-widget_type=\"image.default\">\n\t\t\t\t<div class=\"elementor-widget-container\">\n\t\t\t\t\t\t\t\t\t\t\t\t\t\t\t\t<a href=\"http:\/\/187.157.177.119\/pruebas\/_biblioteca\/wp-content\/uploads\/2022\/05\/Cozumel-los-anos-de-espera-Alfredo-Cesar-Dachary-y-Stella-M.-Arnaiz-B..pdf\" target=\"_blank\">\n\t\t\t\t\t\t\t<img decoding=\"async\" src=\"http:\/\/187.157.177.119\/pruebas\/_biblioteca\/wp-content\/uploads\/elementor\/thumbs\/libro4-ppmx0aw286vzk954av2xxvw2scximpapkfgam5ccuy.jpg\" title=\"libro4\" alt=\"libro4\" \/>\t\t\t\t\t\t\t\t<\/a>\n\t\t\t\t\t\t\t\t\t\t\t\t\t\t\t<\/div>\n\t\t\t\t<\/div>\n\t\t\t\t\t<\/div>\n\t\t<\/div>\n\t\t\t\t<div class=\"elementor-column elementor-col-25 elementor-top-column elementor-element elementor-element-1a9f52d\" data-id=\"1a9f52d\" data-element_type=\"column\">\n\t\t\t<div class=\"elementor-widget-wrap elementor-element-populated\">\n\t\t\t\t\t\t\t\t<div class=\"elementor-element elementor-element-5597af7 elementor-widget elementor-widget-image\" data-id=\"5597af7\" data-element_type=\"widget\" data-widget_type=\"image.default\">\n\t\t\t\t<div class=\"elementor-widget-container\">\n\t\t\t\t\t\t\t\t\t\t\t\t\t\t\t\t<a href=\"http:\/\/187.157.177.119\/pruebas\/_biblioteca\/wp-content\/uploads\/2022\/05\/Forjadores-Prof.-Velio-Vivas-Valdez.pdf\" target=\"_blank\">\n\t\t\t\t\t\t\t<img decoding=\"async\" src=\"http:\/\/187.157.177.119\/pruebas\/_biblioteca\/wp-content\/uploads\/elementor\/thumbs\/libro3-ppmx090duitex17ulu9oswd5ll6s7b38w65bnlf4ne.jpg\" title=\"libro3\" alt=\"libro3\" \/>\t\t\t\t\t\t\t\t<\/a>\n\t\t\t\t\t\t\t\t\t\t\t\t\t\t\t<\/div>\n\t\t\t\t<\/div>\n\t\t\t\t\t<\/div>\n\t\t<\/div>\n\t\t\t\t<div class=\"elementor-column elementor-col-25 elementor-top-column elementor-element elementor-element-bfeafb9\" data-id=\"bfeafb9\" data-element_type=\"column\">\n\t\t\t<div class=\"elementor-widget-wrap elementor-element-populated\">\n\t\t\t\t\t\t\t\t<div class=\"elementor-element elementor-element-54d4798 elementor-widget elementor-widget-image\" data-id=\"54d4798\" data-element_type=\"widget\" data-widget_type=\"image.default\">\n\t\t\t\t<div class=\"elementor-widget-container\">\n\t\t\t\t\t\t\t\t\t\t\t\t\t\t\t\t<a href=\"http:\/\/187.157.177.119\/pruebas\/_biblioteca\/wp-content\/uploads\/2022\/05\/TRAVESIA-POR-LA-HISTORIA-DE-COZUMEL.pdf\" target=\"_blank\">\n\t\t\t\t\t\t\t<img decoding=\"async\" src=\"http:\/\/187.157.177.119\/pruebas\/_biblioteca\/wp-content\/uploads\/elementor\/thumbs\/libro2-ppmx074pguqu9takwtgfnwu8etg1rwvs7wucp1hwza.jpg\" title=\"libro2\" alt=\"libro2\" \/>\t\t\t\t\t\t\t\t<\/a>\n\t\t\t\t\t\t\t\t\t\t\t\t\t\t\t<\/div>\n\t\t\t\t<\/div>\n\t\t\t\t\t<\/div>\n\t\t<\/div>\n\t\t\t\t\t\t\t<\/div>\n\t\t<\/section>\n\t\t\t\t\t\t\t<\/div>\n\t\t","protected":false},"excerpt":{"rendered":"<p>Biblioteca Digital Con la finalidad de eliminar fronteras y acortar distancias se cre\u00f3 esta Biblioteca Digital, para poner al alcance [&hellip;]<\/p>\n","protected":false},"author":1,"featured_media":0,"parent":0,"menu_order":0,"comment_status":"closed","ping_status":"closed","template":"","meta":{"footnotes":""},"class_list":["post-702","page","type-page","status-publish","hentry"],"acf":[],"_links":{"self":[{"href":"http:\/\/187.157.177.119\/pruebas\/_biblioteca\/wp-json\/wp\/v2\/pages\/702","targetHints":{"allow":["GET"]}}],"collection":[{"href":"http:\/\/187.157.177.119\/pruebas\/_biblioteca\/wp-json\/wp\/v2\/pages"}],"about":[{"href":"http:\/\/187.157.177.119\/pruebas\/_biblioteca\/wp-json\/wp\/v2\/types\/page"}],"author":[{"embeddable":true,"href":"http:\/\/187.157.177.119\/pruebas\/_biblioteca\/wp-json\/wp\/v2\/users\/1"}],"replies":[{"embeddable":true,"href":"http:\/\/187.157.177.119\/pruebas\/_biblioteca\/wp-json\/wp\/v2\/comments?post=702"}],"version-history":[{"count":17,"href":"http:\/\/187.157.177.119\/pruebas\/_biblioteca\/wp-json\/wp\/v2\/pages\/702\/revisions"}],"predecessor-version":[{"id":1366,"href":"http:\/\/187.157.177.119\/pruebas\/_biblioteca\/wp-json\/wp\/v2\/pages\/702\/revisions\/1366"}],"wp:attachment":[{"href":"http:\/\/187.157.177.119\/pruebas\/_biblioteca\/wp-json\/wp\/v2\/media?parent=702"}],"curies":[{"name":"wp","href":"https:\/\/api.w.org\/{rel}","templated":true}]}}