{"id":3318,"date":"2022-10-03T15:38:42","date_gmt":"2022-10-03T20:38:42","guid":{"rendered":"http:\/\/localhost\/turismo\/?page_id=3318"},"modified":"2022-12-14T10:54:35","modified_gmt":"2022-12-14T15:54:35","slug":"como-llegar","status":"publish","type":"page","link":"http:\/\/187.157.177.119\/pruebas\/turismo\/como-llegar\/","title":{"rendered":"\u00bfC\u00f3mo llegar a Cozumel?"},"content":{"rendered":"<p>[vc_row][vc_column][vc_column_text]<\/p>\n<h1 class=\"title-black\" style=\"text-align: center;\">COZUMEL<br \/>\n<span class=\"turquesa\">TE ESPERA<\/span><\/h1>\n<h4 style=\"text-align: center;\">Visita el cielo en la tierra en Cozumel, descubre los caminos para llegar a este para\u00edso caribe\u00f1o.<\/h4>\n<p>[\/vc_column_text][vc_empty_space][vc_btn title=&#8221;Descargar mapa&#8221; style=&#8221;flat&#8221; color=&#8221;turquoise&#8221; size=&#8221;lg&#8221; align=&#8221;center&#8221; link=&#8221;url:http%3A%2F%2F187.157.177.119%2Fpruebas%2Fturismo%2Fwp-content%2Fuploads%2F2022%2F10%2FCozumelMapp.pdf|title:Descargar%20mappa&#8221;][vc_gmaps link=&#8221;#E-8_JTNDaWZyYW1lJTIwc3JjJTNEJTIyaHR0cHMlM0ElMkYlMkZ3d3cuZ29vZ2xlLmNvbSUyRm1hcHMlMkZlbWJlZCUzRnBiJTNEJTIxMW0xNCUyMTFtMTIlMjExbTMlMjExZDM3OTU2MC40MDM1OTM1MDY1NSUyMTJkLTg2Ljg2NzUxODY4Nzk1MDglMjEzZDIwLjU0NDU2MTIyNzUwMzk0NCUyMTJtMyUyMTFmMCUyMTJmMCUyMTNmMCUyMTNtMiUyMTFpMTAyNCUyMTJpNzY4JTIxNGYxMy4xJTIxNWUwJTIxM20yJTIxMXNlcy00MTklMjEyc214JTIxNHYxNjcwNjExNTQxMTg0JTIxNW0yJTIxMXNlcy00MTklMjEyc214JTIyJTIwd2lkdGglM0QlMjI2MDAlMjIlMjBoZWlnaHQlM0QlMjI0NTAlMjIlMjBzdHlsZSUzRCUyMmJvcmRlciUzQTAlM0IlMjIlMjBhbGxvd2Z1bGxzY3JlZW4lM0QlMjIlMjIlMjBsb2FkaW5nJTNEJTIybGF6eSUyMiUyMHJlZmVycmVycG9saWN5JTNEJTIybm8tcmVmZXJyZXItd2hlbi1kb3duZ3JhZGUlMjIlM0UlM0MlMkZpZnJhbWUlM0U=&#8221;][vc_empty_space][\/vc_column][vc_column][vc_row_inner][vc_column_inner][\/vc_column_inner][\/vc_row_inner][vc_empty_space el_class=&#8221;onlydesktop&#8221;][\/vc_column][\/vc_row][vc_row][vc_column width=&#8221;1\/2&#8243; el_class=&#8221;flex-text&#8221;][vc_column_text css_animation=&#8221;none&#8221;]<\/p>\n<h2 class=\"title-black\" style=\"text-align: center;\">POR <span class=\"turquesa\">BARCO<\/span><\/h2>\n<p>Se cuenta con barcos de pasajeros, los cuales son <a href=\"https:\/\/winjet.mx\"><strong>WINJET<\/strong><\/a> y <a href=\"https:\/\/www.ultramarferry.com\"><strong>ULTRAMAR<\/strong><\/a>, que viajan desde Playa del Carmen a Cozumel frecuentemente, haciendo una trayectoria de 40 minutos a la isla.<\/p>\n<p><strong>Recomendaci\u00f3n:<\/strong> los boletos redondos solo pueden ser usados con la compa\u00f1\u00eda adquirida, recomendamos comprar boletos sencillos para controlar mejor tus tiempos.[\/vc_column_text][\/vc_column][vc_column width=&#8221;1\/2&#8243;][vc_single_image image=&#8221;5676&#8243; img_size=&#8221;full&#8221; css_animation=&#8221;fadeInRight&#8221;][vc_empty_space el_class=&#8221;onlymobile&#8221;][\/vc_column][\/vc_row][vc_row][vc_column width=&#8221;1\/2&#8243;][vc_single_image image=&#8221;5706&#8243; img_size=&#8221;full&#8221; alignment=&#8221;center&#8221; css_animation=&#8221;fadeInLeft&#8221;][vc_empty_space][\/vc_column][vc_column width=&#8221;1\/2&#8243; el_class=&#8221;flex-text&#8221;][vc_column_text]<\/p>\n<h2 class=\"title-black\" style=\"text-align: center;\">POR <span class=\"turquesa\">AVI\u00d3N<\/span><\/h2>\n<p>Contamos con vuelos directos de Ciudad de M\u00e9xico a Cozumel, adem\u00e1s vuelos desde Estados Unidos. Actualmente se cuentan con vuelos desde Charlote, Miami, Dallas, Minneapolis, Houston , Chicago, Denver y Filadelfia as\u00ed como el puente a\u00e9reo Canc\u00fan \u2013 Cozumel.[\/vc_column_text][\/vc_column][\/vc_row][vc_row][vc_column width=&#8221;1\/2&#8243;][vc_column_text]<\/p>\n<h2><strong>ALGUNAS AEROL\u00cdNEAS QUE OPERAN EN COZUMEL.<\/strong><\/h2>\n<p>[\/vc_column_text][\/vc_column][vc_column width=&#8221;1\/2&#8243;][vc_row_inner][vc_column_inner width=&#8221;1\/3&#8243;][vc_single_image image=&#8221;3329&#8243; img_size=&#8221;medium&#8221; alignment=&#8221;center&#8221; onclick=&#8221;custom_link&#8221; img_link_target=&#8221;_blank&#8221; link=&#8221;https:\/\/www.volaris.com\/&#8221;][vc_empty_space height=&#8221;15px&#8221;][\/vc_column_inner][vc_column_inner width=&#8221;1\/3&#8243;][vc_single_image image=&#8221;3331&#8243; alignment=&#8221;center&#8221; onclick=&#8221;custom_link&#8221; img_link_target=&#8221;_blank&#8221; link=&#8221;https:\/\/suncountry.com\/&#8221;][vc_empty_space height=&#8221;15px&#8221;][\/vc_column_inner][vc_column_inner width=&#8221;1\/3&#8243;][vc_single_image image=&#8221;3332&#8243; alignment=&#8221;center&#8221; onclick=&#8221;custom_link&#8221; img_link_target=&#8221;_blank&#8221; link=&#8221;https:\/\/www.united.com&#8221;][vc_empty_space height=&#8221;15px&#8221;][\/vc_column_inner][\/vc_row_inner][vc_empty_space el_class=&#8221;onlymobile&#8221;][vc_row_inner][vc_column_inner width=&#8221;1\/3&#8243;][vc_single_image image=&#8221;3334&#8243; alignment=&#8221;center&#8221; onclick=&#8221;custom_link&#8221; img_link_target=&#8221;_blank&#8221; link=&#8221;https:\/\/www.aa.com&#8221;][vc_empty_space height=&#8221;15px&#8221;][\/vc_column_inner][vc_column_inner width=&#8221;1\/3&#8243;][vc_single_image image=&#8221;3335&#8243; alignment=&#8221;center&#8221; onclick=&#8221;custom_link&#8221; img_link_target=&#8221;_blank&#8221; link=&#8221;https:\/\/www.flyfrontier.com\/&#8221;][vc_empty_space height=&#8221;15px&#8221;][\/vc_column_inner][vc_column_inner width=&#8221;1\/3&#8243;][vc_single_image image=&#8221;3336&#8243; alignment=&#8221;center&#8221; onclick=&#8221;custom_link&#8221; img_link_target=&#8221;_blank&#8221; link=&#8221;https:\/\/www.flightscancun.net\/&#8221;][vc_empty_space height=&#8221;15px&#8221;][\/vc_column_inner][\/vc_row_inner][vc_empty_space el_class=&#8221;onlymobile&#8221;][\/vc_column][\/vc_row][vc_row][vc_column][vc_empty_space][\/vc_column][\/vc_row][vc_row][vc_column width=&#8221;1\/2&#8243;][vc_single_image image=&#8221;4773&#8243; img_size=&#8221;full&#8221; css_animation=&#8221;fadeInLeft&#8221;][vc_empty_space][\/vc_column][vc_column width=&#8221;1\/2&#8243; el_class=&#8221;flex-text&#8221;][vc_column_text]<\/p>\n<h2 class=\"title-black\" style=\"text-align: center;\">DESDE <span class=\"turquesa\">CANC\u00daN<\/span><\/h2>\n<p>Desde el Aeropuerto Internacional de Canc\u00fan, puedes seguir la siguiente ruta para llegar a Cozumel:<\/p>\n<ul style=\"padding-left: 15px;\">\n<li>Recomendamos tomar un <strong>autob\u00fas ADO<\/strong> con destino a la<strong> terminal de la 5ta Avenida de Playa del Carmen<\/strong>, este viaje tiene una duraci\u00f3n de aproximadamente 1 hora.<\/li>\n<li>Al bajar del autob\u00fas, te encuentras <strong>a unos cuantos pasos de la terminal mar\u00edtima.<\/strong> Ah\u00ed podr\u00e1s comprar boletos en taquilla de las navieras disponibles, las salidas a Cozumel son cada hora.<\/li>\n<li>Al abordar el barco, te espera un viaje de aproximadamente 40 min.<\/li>\n<\/ul>\n<p>[\/vc_column_text][\/vc_column][\/vc_row][vc_row][vc_column][vc_row_inner][vc_column_inner el_class=&#8221;flex-text&#8221; width=&#8221;1\/2&#8243;][vc_column_text]<\/p>\n<h2 class=\"title-black\" style=\"text-align: center;\">POR <span class=\"turquesa\">AUTO<\/span><\/h2>\n<p>Desde M\u00e9rida por la carretera libre 180 , es un recorrido de 3 horas 30 minutos a CALICA. Desde Canc\u00fan es s\u00f3lo 1 hora 15 minutos. En CALICA subes al ferri de autos a Cozumel <a href=\"https:\/\/transcaribe.net\/\"><strong>TRANSCARIBE<\/strong><\/a> y <a href=\"http:\/\/ultramarcarga.com\/\"><strong>ULTRACARGA<\/strong><\/a>, el viaje es de 1 hora y media.[\/vc_column_text][\/vc_column_inner][vc_column_inner width=&#8221;1\/2&#8243;][vc_single_image image=&#8221;4774&#8243; img_size=&#8221;full&#8221; alignment=&#8221;center&#8221; css_animation=&#8221;fadeInRight&#8221;][\/vc_column_inner][\/vc_row_inner][vc_empty_space][\/vc_column][\/vc_row][vc_row full_width=&#8221;stretch_row_content_no_spaces&#8221;][vc_column][vc_single_image image=&#8221;3408&#8243; img_size=&#8221;full&#8221; alignment=&#8221;center&#8221;][\/vc_column][\/vc_row]<\/p>\n","protected":false},"excerpt":{"rendered":"<p>[vc_row][vc_column][vc_column_text] COZUMEL TE ESPERA Visita el cielo en la tierra en Cozumel, descubre los caminos para llegar a este para\u00edso caribe\u00f1o. [\/vc_column_text][vc_empty_space][vc_btn title=&#8221;Descargar mapa&#8221; style=&#8221;flat&#8221; color=&#8221;turquoise&#8221; size=&#8221;lg&#8221; align=&#8221;center&#8221; link=&#8221;url:http%3A%2F%2F187.157.177.119%2Fpruebas%2Fturismo%2Fwp-content%2Fuploads%2F2022%2F10%2FCozumelMapp.pdf|title:Descargar%20mappa&#8221;][vc_gmaps link=&#8221;#E-8_JTNDaWZyYW1lJTIwc3JjJTNEJTIyaHR0cHMlM0ElMkYlMkZ3d3cuZ29vZ2xlLmNvbSUyRm1hcHMlMkZlbWJlZCUzRnBiJTNEJTIxMW0xNCUyMTFtMTIlMjExbTMlMjExZDM3OTU2MC40MDM1OTM1MDY1NSUyMTJkLTg2Ljg2NzUxODY4Nzk1MDglMjEzZDIwLjU0NDU2MTIyNzUwMzk0NCUyMTJtMyUyMTFmMCUyMTJmMCUyMTNmMCUyMTNtMiUyMTFpMTAyNCUyMTJpNzY4JTIxNGYxMy4xJTIxNWUwJTIxM20yJTIxMXNlcy00MTklMjEyc214JTIxNHYxNjcwNjExNTQxMTg0JTIxNW0yJTIxMXNlcy00MTklMjEyc214JTIyJTIwd2lkdGglM0QlMjI2MDAlMjIlMjBoZWlnaHQlM0QlMjI0NTAlMjIlMjBzdHlsZSUzRCUyMmJvcmRlciUzQTAlM0IlMjIlMjBhbGxvd2Z1bGxzY3JlZW4lM0QlMjIlMjIlMjBsb2FkaW5nJTNEJTIybGF6eSUyMiUyMHJlZmVycmVycG9saWN5JTNEJTIybm8tcmVmZXJyZXItd2hlbi1kb3duZ3JhZGUlMjIlM0UlM0MlMkZpZnJhbWUlM0U=&#8221;][vc_empty_space][\/vc_column][vc_column][vc_row_inner][vc_column_inner][\/vc_column_inner][\/vc_row_inner][vc_empty_space el_class=&#8221;onlydesktop&#8221;][\/vc_column][\/vc_row][vc_row][vc_column width=&#8221;1\/2&#8243; el_class=&#8221;flex-text&#8221;][vc_column_text css_animation=&#8221;none&#8221;] POR BARCO Se cuenta con barcos de pasajeros, los cuales son WINJET y ULTRAMAR, que viajan desde Playa del Carmen [&hellip;]<\/p>\n","protected":false},"author":1,"featured_media":0,"parent":0,"menu_order":0,"comment_status":"closed","ping_status":"closed","template":"","meta":[],"_links":{"self":[{"href":"http:\/\/187.157.177.119\/pruebas\/turismo\/wp-json\/wp\/v2\/pages\/3318"}],"collection":[{"href":"http:\/\/187.157.177.119\/pruebas\/turismo\/wp-json\/wp\/v2\/pages"}],"about":[{"href":"http:\/\/187.157.177.119\/pruebas\/turismo\/wp-json\/wp\/v2\/types\/page"}],"author":[{"embeddable":true,"href":"http:\/\/187.157.177.119\/pruebas\/turismo\/wp-json\/wp\/v2\/users\/1"}],"replies":[{"embeddable":true,"href":"http:\/\/187.157.177.119\/pruebas\/turismo\/wp-json\/wp\/v2\/comments?post=3318"}],"version-history":[{"count":0,"href":"http:\/\/187.157.177.119\/pruebas\/turismo\/wp-json\/wp\/v2\/pages\/3318\/revisions"}],"wp:attachment":[{"href":"http:\/\/187.157.177.119\/pruebas\/turismo\/wp-json\/wp\/v2\/media?parent=3318"}],"curies":[{"name":"wp","href":"https:\/\/api.w.org\/{rel}","templated":true}]}}