{"id":4806,"date":"2022-11-28T08:36:44","date_gmt":"2022-11-28T13:36:44","guid":{"rendered":"http:\/\/187.157.177.119\/pruebas\/turismo\/?page_id=4806"},"modified":"2022-12-07T08:39:42","modified_gmt":"2022-12-07T13:39:42","slug":"contactanos","status":"publish","type":"page","link":"http:\/\/187.157.177.119\/pruebas\/turismo\/contactanos\/","title":{"rendered":"Cont\u00e1ctanos"},"content":{"rendered":"<p>[vc_row full_width=&#8221;stretch_row&#8221;][vc_column width=&#8221;1\/2&#8243;][vc_column_text]<\/p>\n<h4 style=\"text-align: left;\">Si necesitas m\u00e1s informaci\u00f3n o quieres dejarnos tus comentarios, envianos un mensaje o cont\u00e1ctanos por alguno de estos medios.<\/h4>\n<p>[\/vc_column_text][vc_empty_space]<div class=\"qodef-icon-list-holder \" >\n\t<div class=\"qodef-il-icon-holder\">\n\t\t<i class=\"qodef-icon-font-awesome fa fa-phone \" style=\"font-size: 17px\"><\/i>\t<\/div>\n\t<p class=\"qodef-il-text\" >9878690212<\/p>\n<\/div><div class=\"qodef-icon-list-holder \" >\n\t<div class=\"qodef-il-icon-holder\">\n\t\t<i class=\"qodef-icon-font-awesome fa fa-envelope \" style=\"font-size: 17px\"><\/i>\t<\/div>\n\t<p class=\"qodef-il-text\" >turismo@cozumel.gob.mx<\/p>\n<\/div><div class=\"qodef-icon-list-holder \" >\n\t<div class=\"qodef-il-icon-holder\">\n\t\t<i class=\"qodef-icon-font-awesome fa fa-map-marker \" style=\"font-size: 17px\"><\/i>\t<\/div>\n\t<p class=\"qodef-il-text\" >Altos de Plaza del Sol, Col. Centro<\/p>\n<\/div>[vc_empty_space][\/vc_column][vc_column width=&#8221;1\/2&#8243;]<div class=\"wpcf7 no-js\" id=\"wpcf7-f7-o1\" lang=\"es-MX\" dir=\"ltr\">\n<div class=\"screen-reader-response\"><p role=\"status\" aria-live=\"polite\" aria-atomic=\"true\"><\/p> <ul><\/ul><\/div>\n<form action=\"\/pruebas\/turismo\/wp-json\/wp\/v2\/pages\/4806#wpcf7-f7-o1\" method=\"post\" class=\"wpcf7-form init\" aria-label=\"Formulario de contacto\" novalidate=\"novalidate\" data-status=\"init\">\n<div style=\"display: none;\">\n<input type=\"hidden\" name=\"_wpcf7\" value=\"7\" \/>\n<input type=\"hidden\" name=\"_wpcf7_version\" value=\"5.7.2\" \/>\n<input type=\"hidden\" name=\"_wpcf7_locale\" value=\"es_MX\" \/>\n<input type=\"hidden\" name=\"_wpcf7_unit_tag\" value=\"wpcf7-f7-o1\" \/>\n<input type=\"hidden\" name=\"_wpcf7_container_post\" value=\"0\" \/>\n<input type=\"hidden\" name=\"_wpcf7_posted_data_hash\" value=\"\" \/>\n<\/div>\n<p><label> Tu nombre<br \/>\n<span class=\"wpcf7-form-control-wrap\" data-name=\"your-name\"><input size=\"40\" class=\"wpcf7-form-control wpcf7-text wpcf7-validates-as-required\" aria-required=\"true\" aria-invalid=\"false\" value=\"\" type=\"text\" name=\"your-name\" \/><\/span> <\/label>\n<\/p>\n<p><label> Tu correo electr\u00f3nico<br \/>\n<span class=\"wpcf7-form-control-wrap\" data-name=\"your-email\"><input size=\"40\" class=\"wpcf7-form-control wpcf7-text wpcf7-email wpcf7-validates-as-required wpcf7-validates-as-email\" aria-required=\"true\" aria-invalid=\"false\" value=\"\" type=\"email\" name=\"your-email\" \/><\/span> <\/label>\n<\/p>\n<p><label> Asunto<br \/>\n<span class=\"wpcf7-form-control-wrap\" data-name=\"your-subject\"><input size=\"40\" class=\"wpcf7-form-control wpcf7-text wpcf7-validates-as-required\" aria-required=\"true\" aria-invalid=\"false\" value=\"\" type=\"text\" name=\"your-subject\" \/><\/span> <\/label>\n<\/p>\n<p><label> Tu mensaje (opcional)<br \/>\n<span class=\"wpcf7-form-control-wrap\" data-name=\"your-message\"><textarea cols=\"40\" rows=\"10\" class=\"wpcf7-form-control wpcf7-textarea\" aria-invalid=\"false\" name=\"your-message\"><\/textarea><\/span> <\/label>\n<\/p>\n<p><input class=\"wpcf7-form-control has-spinner wpcf7-submit\" type=\"submit\" value=\"Enviar\" \/>\n<\/p><div class=\"wpcf7-response-output\" aria-hidden=\"true\"><\/div><\/form><\/div>[\/vc_column][\/vc_row][vc_row full_width=&#8221;stretch_row_content_no_spaces&#8221;][vc_column][vc_single_image image=&#8221;3378&#8243; img_size=&#8221;full&#8221; el_class=&#8221;opacidad-50&#8243;][\/vc_column][\/vc_row]<\/p>\n","protected":false},"excerpt":{"rendered":"<p>[vc_row full_width=&#8221;stretch_row&#8221;][vc_column width=&#8221;1\/2&#8243;][vc_column_text] Si necesitas m\u00e1s informaci\u00f3n o quieres dejarnos tus comentarios, envianos un mensaje o cont\u00e1ctanos por alguno de estos medios. [\/vc_column_text][vc_empty_space][vc_empty_space][\/vc_column][vc_column width=&#8221;1\/2&#8243;][\/vc_column][\/vc_row][vc_row full_width=&#8221;stretch_row_content_no_spaces&#8221;][vc_column][vc_single_image image=&#8221;3378&#8243; img_size=&#8221;full&#8221; el_class=&#8221;opacidad-50&#8243;][\/vc_column][\/vc_row]<\/p>\n","protected":false},"author":1,"featured_media":0,"parent":0,"menu_order":0,"comment_status":"closed","ping_status":"closed","template":"","meta":[],"_links":{"self":[{"href":"http:\/\/187.157.177.119\/pruebas\/turismo\/wp-json\/wp\/v2\/pages\/4806"}],"collection":[{"href":"http:\/\/187.157.177.119\/pruebas\/turismo\/wp-json\/wp\/v2\/pages"}],"about":[{"href":"http:\/\/187.157.177.119\/pruebas\/turismo\/wp-json\/wp\/v2\/types\/page"}],"author":[{"embeddable":true,"href":"http:\/\/187.157.177.119\/pruebas\/turismo\/wp-json\/wp\/v2\/users\/1"}],"replies":[{"embeddable":true,"href":"http:\/\/187.157.177.119\/pruebas\/turismo\/wp-json\/wp\/v2\/comments?post=4806"}],"version-history":[{"count":0,"href":"http:\/\/187.157.177.119\/pruebas\/turismo\/wp-json\/wp\/v2\/pages\/4806\/revisions"}],"wp:attachment":[{"href":"http:\/\/187.157.177.119\/pruebas\/turismo\/wp-json\/wp\/v2\/media?parent=4806"}],"curies":[{"name":"wp","href":"https:\/\/api.w.org\/{rel}","templated":true}]}}