{"id":5550,"date":"2022-12-05T14:32:40","date_gmt":"2022-12-05T19:32:40","guid":{"rendered":"http:\/\/187.157.177.119\/pruebas\/turismo\/?page_id=5550"},"modified":"2022-12-19T14:11:36","modified_gmt":"2022-12-19T19:11:36","slug":"recomendaciones-durante-su-visita","status":"publish","type":"page","link":"http:\/\/187.157.177.119\/pruebas\/turismo\/recomendaciones-durante-su-visita\/","title":{"rendered":"Recomendaciones durante su visita"},"content":{"rendered":"<p>[vc_row css=&#8221;.vc_custom_1671475641725{padding-top: 0px !important;background-color: #ffffff !important;}&#8221; el_class=&#8221;noPadTop&#8221;][vc_column][vc_empty_space][vc_tta_accordion][vc_tta_section title=&#8221;Aventuras&#8221; tab_id=&#8221;1671475153149-239e5af7-57e8&#8243;][vc_row_inner][vc_column_inner width=&#8221;1\/4&#8243;][vc_single_image image=&#8221;5917&#8243; img_size=&#8221;large&#8221;][\/vc_column_inner][vc_column_inner width=&#8221;1\/4&#8243;][vc_single_image image=&#8221;5921&#8243; img_size=&#8221;large&#8221;][\/vc_column_inner][vc_column_inner width=&#8221;1\/4&#8243;][vc_single_image image=&#8221;5923&#8243; img_size=&#8221;large&#8221;][\/vc_column_inner][vc_column_inner width=&#8221;1\/4&#8243;][vc_single_image image=&#8221;5925&#8243; img_size=&#8221;large&#8221;][\/vc_column_inner][\/vc_row_inner][\/vc_tta_section][vc_tta_section title=&#8221;Compras&#8221; tab_id=&#8221;1671475153144-c3f25554-2b4c&#8221;][vc_row_inner][vc_column_inner width=&#8221;1\/3&#8243;][vc_single_image image=&#8221;5909&#8243; img_size=&#8221;large&#8221;][\/vc_column_inner][vc_column_inner width=&#8221;1\/3&#8243;][vc_single_image image=&#8221;5911&#8243; img_size=&#8221;large&#8221;][\/vc_column_inner][vc_column_inner width=&#8221;1\/3&#8243;][vc_single_image image=&#8221;5913&#8243; img_size=&#8221;large&#8221;][\/vc_column_inner][\/vc_row_inner][\/vc_tta_section][vc_tta_section title=&#8221;Playas&#8221; tab_id=&#8221;1671476077904-bdd55fd9-ed77&#8243;][vc_row_inner][vc_column_inner width=&#8221;1\/3&#8243;][vc_single_image image=&#8221;5891&#8243; img_size=&#8221;large&#8221;][\/vc_column_inner][vc_column_inner width=&#8221;1\/3&#8243;][vc_single_image image=&#8221;5893&#8243; img_size=&#8221;large&#8221;][\/vc_column_inner][vc_column_inner width=&#8221;1\/3&#8243;][vc_single_image image=&#8221;5895&#8243; img_size=&#8221;large&#8221;][\/vc_column_inner][\/vc_row_inner][\/vc_tta_section][vc_tta_section title=&#8221;Renta de veh\u00edculos&#8221; tab_id=&#8221;1671476349027-5e956423-2d92&#8243;][vc_row_inner][vc_column_inner width=&#8221;1\/3&#8243;][vc_single_image image=&#8221;5897&#8243; img_size=&#8221;large&#8221;][vc_empty_space][vc_single_image image=&#8221;5899&#8243; img_size=&#8221;large&#8221;][\/vc_column_inner][vc_column_inner width=&#8221;1\/3&#8243;][vc_single_image image=&#8221;5901&#8243; img_size=&#8221;large&#8221;][vc_empty_space][vc_single_image image=&#8221;5903&#8243; img_size=&#8221;large&#8221;][\/vc_column_inner][vc_column_inner width=&#8221;1\/3&#8243;][vc_single_image image=&#8221;5905&#8243; img_size=&#8221;large&#8221;][vc_empty_space][vc_single_image image=&#8221;5907&#8243; img_size=&#8221;large&#8221;][vc_column_text]Ejemplo de gafete de vendedor autorizado[\/vc_column_text][vc_single_image image=&#8221;5818&#8243; onclick=&#8221;link_image&#8221;][\/vc_column_inner][\/vc_row_inner][\/vc_tta_section][vc_tta_section title=&#8221;Transporte&#8221; tab_id=&#8221;1671476784293-f9b5db41-ae3b&#8221;][vc_row_inner][vc_column_inner width=&#8221;1\/3&#8243;][vc_single_image image=&#8221;5915&#8243; img_size=&#8221;large&#8221;][\/vc_column_inner][vc_column_inner width=&#8221;1\/3&#8243;][vc_single_image image=&#8221;5917&#8243; img_size=&#8221;large&#8221;][\/vc_column_inner][vc_column_inner width=&#8221;1\/3&#8243;][\/vc_column_inner][\/vc_row_inner][\/vc_tta_section][\/vc_tta_accordion][vc_empty_space][vc_column_text]<\/p>\n<p style=\"text-align: center;\">Si deseas realizar una queja, lo puedes hacer directamente en el segundo piso de Plaza del Sol en la oficina de la <strong>PROFECO;<\/strong> \u00f3 al tel\u00e9fono (+52 55) 5211 1723 \u00f3 al correo: extranjeros@profeco.gob.mx<\/p>\n<p>[\/vc_column_text][vc_empty_space][\/vc_column][\/vc_row][vc_row][vc_column][vc_single_image image=&#8221;3378&#8243; img_size=&#8221;full&#8221;][\/vc_column][\/vc_row]<\/p>\n","protected":false},"excerpt":{"rendered":"<p>[vc_row css=&#8221;.vc_custom_1671475641725{padding-top: 0px !important;background-color: #ffffff !important;}&#8221; el_class=&#8221;noPadTop&#8221;][vc_column][vc_empty_space][vc_tta_accordion][vc_tta_section title=&#8221;Aventuras&#8221; tab_id=&#8221;1671475153149-239e5af7-57e8&#8243;][vc_row_inner][vc_column_inner width=&#8221;1\/4&#8243;][vc_single_image image=&#8221;5917&#8243; img_size=&#8221;large&#8221;][\/vc_column_inner][vc_column_inner width=&#8221;1\/4&#8243;][vc_single_image image=&#8221;5921&#8243; img_size=&#8221;large&#8221;][\/vc_column_inner][vc_column_inner width=&#8221;1\/4&#8243;][vc_single_image image=&#8221;5923&#8243; img_size=&#8221;large&#8221;][\/vc_column_inner][vc_column_inner width=&#8221;1\/4&#8243;][vc_single_image image=&#8221;5925&#8243; img_size=&#8221;large&#8221;][\/vc_column_inner][\/vc_row_inner][\/vc_tta_section][vc_tta_section title=&#8221;Compras&#8221; tab_id=&#8221;1671475153144-c3f25554-2b4c&#8221;][vc_row_inner][vc_column_inner width=&#8221;1\/3&#8243;][vc_single_image image=&#8221;5909&#8243; img_size=&#8221;large&#8221;][\/vc_column_inner][vc_column_inner width=&#8221;1\/3&#8243;][vc_single_image image=&#8221;5911&#8243; img_size=&#8221;large&#8221;][\/vc_column_inner][vc_column_inner width=&#8221;1\/3&#8243;][vc_single_image image=&#8221;5913&#8243; img_size=&#8221;large&#8221;][\/vc_column_inner][\/vc_row_inner][\/vc_tta_section][vc_tta_section title=&#8221;Playas&#8221; tab_id=&#8221;1671476077904-bdd55fd9-ed77&#8243;][vc_row_inner][vc_column_inner width=&#8221;1\/3&#8243;][vc_single_image image=&#8221;5891&#8243; img_size=&#8221;large&#8221;][\/vc_column_inner][vc_column_inner width=&#8221;1\/3&#8243;][vc_single_image image=&#8221;5893&#8243; img_size=&#8221;large&#8221;][\/vc_column_inner][vc_column_inner width=&#8221;1\/3&#8243;][vc_single_image image=&#8221;5895&#8243; img_size=&#8221;large&#8221;][\/vc_column_inner][\/vc_row_inner][\/vc_tta_section][vc_tta_section title=&#8221;Renta de veh\u00edculos&#8221; tab_id=&#8221;1671476349027-5e956423-2d92&#8243;][vc_row_inner][vc_column_inner width=&#8221;1\/3&#8243;][vc_single_image image=&#8221;5897&#8243; img_size=&#8221;large&#8221;][vc_empty_space][vc_single_image image=&#8221;5899&#8243; img_size=&#8221;large&#8221;][\/vc_column_inner][vc_column_inner width=&#8221;1\/3&#8243;][vc_single_image image=&#8221;5901&#8243; [&hellip;]<\/p>\n","protected":false},"author":1,"featured_media":0,"parent":0,"menu_order":0,"comment_status":"closed","ping_status":"closed","template":"","meta":[],"_links":{"self":[{"href":"http:\/\/187.157.177.119\/pruebas\/turismo\/wp-json\/wp\/v2\/pages\/5550"}],"collection":[{"href":"http:\/\/187.157.177.119\/pruebas\/turismo\/wp-json\/wp\/v2\/pages"}],"about":[{"href":"http:\/\/187.157.177.119\/pruebas\/turismo\/wp-json\/wp\/v2\/types\/page"}],"author":[{"embeddable":true,"href":"http:\/\/187.157.177.119\/pruebas\/turismo\/wp-json\/wp\/v2\/users\/1"}],"replies":[{"embeddable":true,"href":"http:\/\/187.157.177.119\/pruebas\/turismo\/wp-json\/wp\/v2\/comments?post=5550"}],"version-history":[{"count":0,"href":"http:\/\/187.157.177.119\/pruebas\/turismo\/wp-json\/wp\/v2\/pages\/5550\/revisions"}],"wp:attachment":[{"href":"http:\/\/187.157.177.119\/pruebas\/turismo\/wp-json\/wp\/v2\/media?parent=5550"}],"curies":[{"name":"wp","href":"https:\/\/api.w.org\/{rel}","templated":true}]}}